{"id":25,"date":"2016-04-08T15:18:32","date_gmt":"2016-04-08T14:18:32","guid":{"rendered":"http:\/\/the7.io\/coffee\/?page_id=2"},"modified":"2021-02-23T21:21:20","modified_gmt":"2021-02-23T20:21:20","slug":"home","status":"publish","type":"page","link":"https:\/\/penzion.grillbar.sk\/","title":{"rendered":"Home"},"content":{"rendered":"<div class=\"wpb-content-wrapper\"><p>[vc_row type=&#8220;vc_default&#8220; content_placement=&#8220;middle&#8220; css=&#8220;.vc_custom_1474223472410{padding-top: 10px !important;padding-bottom: 65px !important;}&#8220; el_id=&#8220;about_section&#8220;][vc_column width=&#8220;2\/3&#8243; offset=&#8220;vc_col-lg-offset-0 vc_col-lg-6 vc_col-md-offset-0 vc_col-md-6 vc_col-sm-offset-2 vc_col-xs-offset-2 vc_col-xs-8 vc_hidden-xs&#8220;][vc_single_image image=&#8220;484&#8243; img_size=&#8220;full&#8220; alignment=&#8220;center&#8220;][vc_row_inner][vc_column_inner width=&#8220;1\/2&#8243;][vc_single_image image=&#8220;486&#8243; img_size=&#8220;full&#8220; alignment=&#8220;center&#8220;][\/vc_column_inner][vc_column_inner width=&#8220;1\/2&#8243;][vc_single_image image=&#8220;487&#8243; img_size=&#8220;full&#8220; alignment=&#8220;center&#8220;][\/vc_column_inner][\/vc_row_inner][\/vc_column][vc_column offset=&#8220;vc_col-lg-6 vc_col-md-6 vc_col-xs-12&#8243;][vc_column_text]<\/p>\n<h2>Penzi\u00f3n Grillbar &#8211; ubytovanie v centre<\/h2>\n<p>[\/vc_column_text][vc_column_text]Grillbar Penzion &amp; Restaurant sa nach\u00e1dza v\u00a0historickom centre mesta Spi\u0161sk\u00e1 Nov\u00e1 Ves.\u00a0Objekt je po celkovej rekon\u0161trukcii a\u00a0poskytuje vhodn\u00e9 ubytovanie nielen turistom aj n\u00e1ro\u010dnej\u0161\u00edm klientom.<\/p>\n<p>Novozrekon\u0161truovan\u00fd penzi\u00f3n pon\u00faka <strong>12 l\u00f4\u017eok v\u00a0dvojposte\u013eov\u00fdch podkrovn\u00fdch izb\u00e1ch<\/strong> bez mo\u017enosti pr\u00edstelky, vybaven\u00fdch telev\u00edzorom s plochou obrazovkou, satelitn\u00fdm pr\u00edjma\u010dom, r\u00fdchlovarnou konvicou a mo\u017enos\u0165ou bezplatn\u00e9ho WIFI pripojenia sa na internet. V\u0161etky izby s\u00fa vybaven\u00e9 vlastnou k\u00fape\u013e\u0148ou so sprchovac\u00edm k\u00fatom, su\u0161i\u010dom na vlasy a WC. Penzi\u00f3n pon\u00faka\u00a0 bezplatn\u00e9 parkovanie pre 6 \u00e1ut v uzavretom dvore.<\/p>\n<p>V objekte sa nach\u00e1dza ob\u013e\u00faben\u00e1 re\u0161taur\u00e1cia, ktor\u00e1 sa v priebehu nieko\u013ek\u00fdch rokov stala jedn\u00fdm z najvyh\u013ead\u00e1vanej\u0161\u00edch podnikov v Spi\u0161skej Novej Vsi i okol\u00ed.<\/p>\n<p>Grillbar nav\u0161tevuj\u00fa z\u00e1kazn\u00edci najm\u00e4 kv\u00f4li grillovan\u00fdm \u0161pecialit\u00e1m, ktor\u00fdm kra\u013euj\u00fa steaky. N\u00e1pojov\u00fd l\u00edstok sa plnohodnotne venuje dobr\u00e9mu pivu (\u010dapujeme 9 druhov), v\u00ednu, k\u00e1ve alebo \u010dokol\u00e1de. V podniku n\u00e1jdete adekv\u00e1tny priestor pre faj\u010diarov i nefaj\u010diarov.[\/vc_column_text][vc_empty_space][\/vc_column][\/vc_row][vc_row type=&#8220;vc_default&#8220; full_width=&#8220;stretch_row&#8220; equal_height=&#8220;yes&#8220; bg_type=&#8220;image&#8220; parallax_style=&#8220;vcpb-vz-jquery&#8220; bg_image_new=&#8220;id^497|url^http:\/\/penzion.grillbar.sk\/wp-content\/uploads\/2016\/04\/izba-pozadie.jpg|caption^null|alt^null|title^izba-pozadie|description^null&#8220; bg_image_repeat=&#8220;no-repeat&#8220; bg_override=&#8220;full&#8220; css=&#8220;.vc_custom_1490285366397{padding-top: 80px !important;padding-bottom: 70px !important;}&#8220; el_id=&#8220;location_section&#8220; el_class=&#8220;custom-columns-gap custom-mobile-paddings&#8220;][vc_column css=&#8220;.vc_custom_1461064833484{padding-bottom: 50px !important;}&#8220;][vc_column_text]<!-- Reservation PLUS start --><br \/>\n<script type=\"text\/javascript\" src=\"https:\/\/booking.previo.cz\/iframe\/\"><\/script><br \/>\n<iframe loading=\"lazy\" id=\"previo-booking-iframe\" src=\"https:\/\/booking.previo.cz\/?hotId= 731758\" name=\"previo-booking-iframe\" width=\"100%\" height=\"2000\" frameborder=\"0\" scrolling=\"no\"><\/iframe><br \/>\n<!-- Reservation PLUS end -->[\/vc_column_text][\/vc_column][\/vc_row][vc_row][vc_column][vc_column_text]<\/p>\n<h2>Aktivity v meste a okol\u00ed<\/h2>\n<p>[\/vc_column_text][vc_row_inner][vc_column_inner width=&#8220;1\/3&#8243; css=&#8220;.vc_custom_1490639203187{margin-top: 20px !important;margin-bottom: 20px !important;}&#8220;]<section class=\"shortcode-teaser img-full frame-on\"><div class=\"shortcode-teaser-img\"><a class=\"layzr-bg rollover\" href=\"http:\/\/www.npslovenskyraj.sk\/index.php\" target=\"_blank\"><img loading=\"lazy\" decoding=\"async\" class=\"lazy-load\" src=\"data:image\/svg+xml;charset=utf-8,%3Csvg xmlns%3D&#039;http%3A%2F%2Fwww.w3.org%2F2000%2Fsvg&#039; viewBox%3D&#039;0 0 373 260&#039;%2F%3E\" width=\"373\" height=\"260\" alt=\"Grillbar penzion\" data-srcset=\"https:\/\/penzion.grillbar.sk\/wp-content\/uploads\/2016\/04\/Slovensky-raj.jpg 373w\" data-src=\"https:\/\/penzion.grillbar.sk\/wp-content\/uploads\/2016\/04\/Slovensky-raj.jpg\" \/><\/a><\/div><div class=\"shortcode-teaser-content text-big\"><p>N\u00e1rodn\u00fd park Slovensk\u00fd raj<\/p>\n<\/div><\/section>[\/vc_column_inner][vc_column_inner width=&#8220;1\/3&#8243; css=&#8220;.vc_custom_1490639210579{margin-top: 20px !important;margin-bottom: 20px !important;}&#8220;]<section class=\"shortcode-teaser img-full frame-on\"><div class=\"shortcode-teaser-img\"><a class=\"layzr-bg rollover\" href=\"https:\/\/www.google.sk\/webhp?sourceid=chrome-instant&#038;ion=1&#038;espv=2&#038;ie=UTF-8#q=dobsinska+ladova+jaskyna&#038;safe=off&#038;rflfq=1&#038;rlha=0&#038;rllag=48873623,20317497,1553&#038;tbm=lcl&#038;rldimm=1737397911727543682&#038;tbs=lf_msr:-1,lf_pqs:EAE,lf:1,lf_ui:2&#038;*\" target=\"_blank\"><img loading=\"lazy\" decoding=\"async\" class=\"lazy-load\" src=\"data:image\/svg+xml;charset=utf-8,%3Csvg xmlns%3D&#039;http%3A%2F%2Fwww.w3.org%2F2000%2Fsvg&#039; viewBox%3D&#039;0 0 373 261&#039;%2F%3E\" width=\"373\" height=\"261\" data-srcset=\"https:\/\/penzion.grillbar.sk\/wp-content\/uploads\/2016\/04\/dobsinska-ladova-jaskyna.jpg 373w\" data-src=\"https:\/\/penzion.grillbar.sk\/wp-content\/uploads\/2016\/04\/dobsinska-ladova-jaskyna.jpg\" \/><\/a><\/div><div class=\"shortcode-teaser-content text-big\"><p>Dob\u0161insk\u00e1 \u013eadov\u00e1 jasky\u0148a<\/p>\n<\/div><\/section>[\/vc_column_inner][vc_column_inner width=&#8220;1\/3&#8243; css=&#8220;.vc_custom_1490639217070{margin-top: 20px !important;margin-bottom: 20px !important;}&#8220;]<section class=\"shortcode-teaser img-full frame-on\"><div class=\"shortcode-teaser-img\"><a class=\"layzr-bg rollover\" href=\"http:\/\/www.aquacity.sk\/\" target=\"_blank\"><img loading=\"lazy\" decoding=\"async\" class=\"lazy-load\" src=\"data:image\/svg+xml;charset=utf-8,%3Csvg xmlns%3D&#039;http%3A%2F%2Fwww.w3.org%2F2000%2Fsvg&#039; viewBox%3D&#039;0 0 361 261&#039;%2F%3E\" width=\"361\" height=\"261\" data-srcset=\"https:\/\/penzion.grillbar.sk\/wp-content\/uploads\/2016\/04\/aquacity-poprad.jpg 361w\" data-src=\"https:\/\/penzion.grillbar.sk\/wp-content\/uploads\/2016\/04\/aquacity-poprad.jpg\" \/><\/a><\/div><div class=\"shortcode-teaser-content text-big\"><p>AQUACITY Poprad<\/p>\n<\/div><\/section>[\/vc_column_inner][\/vc_row_inner][vc_row_inner][vc_column_inner width=&#8220;1\/3&#8243; css=&#8220;.vc_custom_1490639228342{margin-top: 20px !important;margin-bottom: 20px !important;}&#8220;]<section class=\"shortcode-teaser img-full frame-on\"><div class=\"shortcode-teaser-img\"><a class=\"layzr-bg rollover\" href=\"http:\/\/www.zoosnv.sk\/\" target=\"_blank\"><img loading=\"lazy\" decoding=\"async\" class=\"lazy-load\" src=\"data:image\/svg+xml;charset=utf-8,%3Csvg xmlns%3D&#039;http%3A%2F%2Fwww.w3.org%2F2000%2Fsvg&#039; viewBox%3D&#039;0 0 373 261&#039;%2F%3E\" width=\"373\" height=\"261\" alt=\"Grillbar Penzion Spisska Nova Ves\" data-srcset=\"https:\/\/penzion.grillbar.sk\/wp-content\/uploads\/2016\/04\/ZOO-spisska-nova-ves.jpg 373w\" data-src=\"https:\/\/penzion.grillbar.sk\/wp-content\/uploads\/2016\/04\/ZOO-spisska-nova-ves.jpg\" \/><\/a><\/div><div class=\"shortcode-teaser-content text-big\"><p>ZOO Spi\u0161sk\u00e1 Nov\u00e1 Ves<\/p>\n<\/div><\/section>[\/vc_column_inner][vc_column_inner width=&#8220;1\/3&#8243; css=&#8220;.vc_custom_1490639236071{margin-top: 20px !important;margin-bottom: 20px !important;}&#8220;]<section class=\"shortcode-teaser img-full frame-on\"><div class=\"shortcode-teaser-img\"><a class=\"layzr-bg rollover\" href=\"https:\/\/navstevnik.spisskanovaves.eu\/co-vidiet\/pamiatky\/rimskokatolicky-farsky-kostol\/\" target=\"_blank\"><img loading=\"lazy\" decoding=\"async\" class=\"lazy-load\" src=\"data:image\/svg+xml;charset=utf-8,%3Csvg xmlns%3D&#039;http%3A%2F%2Fwww.w3.org%2F2000%2Fsvg&#039; viewBox%3D&#039;0 0 373 261&#039;%2F%3E\" width=\"373\" height=\"261\" data-srcset=\"https:\/\/penzion.grillbar.sk\/wp-content\/uploads\/2016\/04\/kostol.jpg 373w\" data-src=\"https:\/\/penzion.grillbar.sk\/wp-content\/uploads\/2016\/04\/kostol.jpg\" \/><\/a><\/div><div class=\"shortcode-teaser-content text-big\"><p>Najvy\u0161\u0161ia kostoln\u00e1 ve\u017ea na Slovensku<\/p>\n<\/div><\/section>[\/vc_column_inner][vc_column_inner width=&#8220;1\/3&#8243; css=&#8220;.vc_custom_1490639244420{margin-top: 20px !important;margin-bottom: 20px !important;}&#8220;]<section class=\"shortcode-teaser img-full frame-on\"><div class=\"shortcode-teaser-img\"><a class=\"layzr-bg rollover\" href=\"https:\/\/navstevnik.spisskanovaves.eu\/co-zazit\/dobrodruzstvo\/lanovy-park-monkeyland\/\" target=\"_blank\"><img loading=\"lazy\" decoding=\"async\" class=\"lazy-load\" src=\"data:image\/svg+xml;charset=utf-8,%3Csvg xmlns%3D&#039;http%3A%2F%2Fwww.w3.org%2F2000%2Fsvg&#039; viewBox%3D&#039;0 0 373 261&#039;%2F%3E\" width=\"373\" height=\"261\" alt=\"Grillbar Penzion Spisska Nova Ves\" data-srcset=\"https:\/\/penzion.grillbar.sk\/wp-content\/uploads\/2016\/04\/Monkeyland.jpg 373w\" data-src=\"https:\/\/penzion.grillbar.sk\/wp-content\/uploads\/2016\/04\/Monkeyland.jpg\" \/><\/a><\/div><div class=\"shortcode-teaser-content text-big\"><p class=\"p1\"><span class=\"s1\">Lanov\u00fd park Monkeyland<\/span><\/p>\n<\/div><\/section>[\/vc_column_inner][\/vc_row_inner][\/vc_column][\/vc_row]<\/p>\n<\/div>","protected":false},"excerpt":{"rendered":"<p>[vc_row type=&#8220;vc_default&#8220; content_placement=&#8220;middle&#8220; css=&#8220;.vc_custom_1474223472410{padding-top: 10px !important;padding-bottom: 65px !important;}&#8220; el_id=&#8220;about_section&#8220;][vc_column width=&#8220;2\/3&#8243; offset=&#8220;vc_col-lg-offset-0 vc_col-lg-6 vc_col-md-offset-0 vc_col-md-6 vc_col-sm-offset-2 vc_col-xs-offset-2 vc_col-xs-8 vc_hidden-xs&#8220;][vc_single_image image=&#8220;484&#8243; img_size=&#8220;full&#8220; alignment=&#8220;center&#8220;][vc_row_inner][vc_column_inner width=&#8220;1\/2&#8243;][vc_single_image image=&#8220;486&#8243; img_size=&#8220;full&#8220; alignment=&#8220;center&#8220;][\/vc_column_inner][vc_column_inner width=&#8220;1\/2&#8243;][vc_single_image image=&#8220;487&#8243; img_size=&#8220;full&#8220; alignment=&#8220;center&#8220;][\/vc_column_inner][\/vc_row_inner][\/vc_column][vc_column offset=&#8220;vc_col-lg-6 vc_col-md-6 vc_col-xs-12&#8243;][vc_column_text] Penzi\u00f3n Grillbar &#8211; ubytovanie v centre [\/vc_column_text][vc_column_text]Grillbar Penzion &amp; Restaurant sa nach\u00e1dza v\u00a0historickom centre mesta Spi\u0161sk\u00e1 Nov\u00e1 Ves.\u00a0Objekt je po celkovej rekon\u0161trukcii a\u00a0poskytuje&hellip;<\/p>\n","protected":false},"author":2,"featured_media":0,"parent":0,"menu_order":0,"comment_status":"closed","ping_status":"closed","template":"template-microsite.php","meta":{"footnotes":""},"class_list":["post-25","page","type-page","status-publish","hentry","description-off"],"_links":{"self":[{"href":"https:\/\/penzion.grillbar.sk\/index.php?rest_route=\/wp\/v2\/pages\/25","targetHints":{"allow":["GET"]}}],"collection":[{"href":"https:\/\/penzion.grillbar.sk\/index.php?rest_route=\/wp\/v2\/pages"}],"about":[{"href":"https:\/\/penzion.grillbar.sk\/index.php?rest_route=\/wp\/v2\/types\/page"}],"author":[{"embeddable":true,"href":"https:\/\/penzion.grillbar.sk\/index.php?rest_route=\/wp\/v2\/users\/2"}],"replies":[{"embeddable":true,"href":"https:\/\/penzion.grillbar.sk\/index.php?rest_route=%2Fwp%2Fv2%2Fcomments&post=25"}],"version-history":[{"count":43,"href":"https:\/\/penzion.grillbar.sk\/index.php?rest_route=\/wp\/v2\/pages\/25\/revisions"}],"predecessor-version":[{"id":571,"href":"https:\/\/penzion.grillbar.sk\/index.php?rest_route=\/wp\/v2\/pages\/25\/revisions\/571"}],"wp:attachment":[{"href":"https:\/\/penzion.grillbar.sk\/index.php?rest_route=%2Fwp%2Fv2%2Fmedia&parent=25"}],"curies":[{"name":"wp","href":"https:\/\/api.w.org\/{rel}","templated":true}]}}